{"id":648,"date":"2025-07-04T11:20:43","date_gmt":"2025-07-04T09:20:43","guid":{"rendered":"https:\/\/masquespanol.com\/non%20class\u00e9\/espagnol-niveau-a1\/"},"modified":"2025-07-07T09:35:11","modified_gmt":"2025-07-07T07:35:11","slug":"espagnol-niveau-a1","status":"publish","type":"product","link":"https:\/\/masquespanol.com\/fr\/cours\/espagnol-niveau-a1\/","title":{"rendered":"Espagnol Niveau A1"},"content":{"rendered":"<h2>Table des mati\u00e8res du cours d&rsquo;espagnol niveau A1<\/h2>\n<ol>\n<li>Salutations, adieux, pr\u00e9sentation, <em>ser<\/em> et <em>estar<\/em>, alphabet.<\/li>\n<li>Chiffres, <em>ser<\/em> et <em>estar<\/em>, pr\u00e9sentation.<\/li>\n<li>Jours de la semaine, mois de l\u2019ann\u00e9e, infos personnelles, masculin\/f\u00e9minin.<\/li>\n<li>Pr\u00e9sent simple, objets, singulier et pluriel, dialogue.<\/li>\n<li>Objets, pr\u00e9sent r\u00e9gulier, professions.<\/li>\n<li>Pr\u00e9sent irr\u00e9gulier 1 (diphtongue), <em>querer<\/em> et <em>poder<\/em>, actions habituelles.<\/li>\n<li>Irr\u00e9guliers, heures et emploi du temps.<\/li>\n<li>Irr\u00e9guliers \u00e0 la premi\u00e8re personne, chiffres avanc\u00e9s, dates.<\/li>\n<li>Pr\u00e9sent, vie quotidienne, horaires, moments de la journ\u00e9e.<\/li>\n<li>Irr\u00e9guliers forts, pronominaux, routines, questions quotidiennes, vocabulaire des saisons.<\/li>\n<li>Pi\u00e8ces de la maison, pr\u00e9positions, applications du pr\u00e9sent au quotidien.<\/li>\n<li>Possessifs, vie quotidienne, maison et objets.<\/li>\n<li>Pr\u00e9positions de transport, transport, adjectifs, <em>ir<\/em> et <em>venir<\/em>.<\/li>\n<li>Verbes de transport, directions en ville.<\/li>\n<li>Futur proche, voyages, avion.<\/li>\n<li>Futur proche (2), voyages et h\u00f4tels.<\/li>\n<li>Possessifs, vocabulaire professionnel.<\/li>\n<li>Pass\u00e9 compos\u00e9, bureau.<\/li>\n<li>Pass\u00e9 compos\u00e9 (<em>ya<\/em>, <em>todav\u00eda no<\/em>), d\u00e9monstratifs, bureau.<\/li>\n<li>R\u00e9capitulation, m\u00e9t\u00e9o.<\/li>\n<li>Pronoms d\u00e9monstratifs et ind\u00e9finis, fruits.<\/li>\n<li>Structures indirectes, l\u00e9gumes.<\/li>\n<li>Comparatifs, v\u00eatements et adjectifs.<\/li>\n<li>Comparatifs 2 et v\u00eatements.<\/li>\n<li>Superlatifs, v\u00eatements final.<\/li>\n<\/ol>\n","protected":false},"excerpt":{"rendered":"<p>Cours d&rsquo;espagnol de niveau A1:<\/p>\n<ul>\n<li>Vid\u00e9os explicatives et des sessions en direct pour vous accompagner (2 heures).<\/li>\n<li>Ces ressources sont id\u00e9ales pour les <strong>enseignants<\/strong>, les <strong>entreprises<\/strong> ou les <strong>apprenants autonomes<\/strong>.<\/li>\n<li>Vous pouvez aussi m\u2019envoyer vos exercices, et je les corrigerai personnellement.<\/li>\n<\/ul>\n","protected":false},"featured_media":639,"comment_status":"open","ping_status":"closed","template":"","meta":{"_kad_post_transparent":"default","_kad_post_title":"","_kad_post_layout":"default","_kad_post_sidebar_id":"","_kad_post_content_style":"default","_kad_post_vertical_padding":"default","_kad_post_feature":"","_kad_post_feature_position":"","_kad_post_header":false,"_kad_post_footer":false,"_kad_post_classname":""},"product_brand":[],"product_cat":[30],"product_tag":[],"class_list":{"0":"post-648","1":"product","2":"type-product","3":"status-publish","4":"has-post-thumbnail","6":"product_cat-cours","8":"first","9":"instock","10":"downloadable","11":"virtual","12":"purchasable","13":"product-type-simple","14":"entry","15":"content-bg","16":"loop-entry"},"_links":{"self":[{"href":"https:\/\/masquespanol.com\/fr\/wp-json\/wp\/v2\/product\/648","targetHints":{"allow":["GET"]}}],"collection":[{"href":"https:\/\/masquespanol.com\/fr\/wp-json\/wp\/v2\/product"}],"about":[{"href":"https:\/\/masquespanol.com\/fr\/wp-json\/wp\/v2\/types\/product"}],"replies":[{"embeddable":true,"href":"https:\/\/masquespanol.com\/fr\/wp-json\/wp\/v2\/comments?post=648"}],"wp:featuredmedia":[{"embeddable":true,"href":"https:\/\/masquespanol.com\/fr\/wp-json\/wp\/v2\/media\/639"}],"wp:attachment":[{"href":"https:\/\/masquespanol.com\/fr\/wp-json\/wp\/v2\/media?parent=648"}],"wp:term":[{"taxonomy":"product_brand","embeddable":true,"href":"https:\/\/masquespanol.com\/fr\/wp-json\/wp\/v2\/product_brand?post=648"},{"taxonomy":"product_cat","embeddable":true,"href":"https:\/\/masquespanol.com\/fr\/wp-json\/wp\/v2\/product_cat?post=648"},{"taxonomy":"product_tag","embeddable":true,"href":"https:\/\/masquespanol.com\/fr\/wp-json\/wp\/v2\/product_tag?post=648"}],"curies":[{"name":"wp","href":"https:\/\/api.w.org\/{rel}","templated":true}]}}