{"id":647,"date":"2025-07-04T12:06:52","date_gmt":"2025-07-04T10:06:52","guid":{"rendered":"https:\/\/masquespanol.com\/non%20class\u00e9\/espagnol-niveau-a2\/"},"modified":"2025-07-07T09:26:58","modified_gmt":"2025-07-07T07:26:58","slug":"espagnol-niveau-a2","status":"publish","type":"product","link":"https:\/\/masquespanol.com\/fr\/cours\/espagnol-niveau-a2\/","title":{"rendered":"Espagnol Niveau A2"},"content":{"rendered":"<h2>Table des mati\u00e8res du cours d&rsquo;espagnol A2<\/h2>\n<ol>\n<li>G\u00e9rondif, vocabulaire de la finance.<\/li>\n<li>G\u00e9rondif et p\u00e9riphrases avec <em>estar<\/em>, vocabulaire financier.<\/li>\n<li>Introduction au futur simple, expressions d\u2019opinion.<\/li>\n<li>Futur simple irr\u00e9gulier, exemples, organiser des r\u00e9unions.<\/li>\n<li><em>Hay<\/em>, communication et objets de bureau.<\/li>\n<li><em>Hay<\/em>, <em>tener<\/em>, <em>estar<\/em>, r\u00e9unions et ordre du jour.<\/li>\n<li>Verbes indirects, opinions.<\/li>\n<li>Vocabulaire professionnel, dialogues et nationalit\u00e9s.<\/li>\n<li><em>Ser<\/em> et <em>estar<\/em>, imparfait, opinions.<\/li>\n<li>Imparfait, descriptions.<\/li>\n<li>Autres verbes indirects, comparaison de temps du pass\u00e9, accord et d\u00e9saccord, heures.<\/li>\n<li>Imparfait, pass\u00e9 compos\u00e9, obligations, accord et d\u00e9saccord.<\/li>\n<li>Pass\u00e9 simple (r\u00e9guliers), famille, entreprise.<\/li>\n<li>Pass\u00e9 simple (irr\u00e9guliers 3e personne), lettres et structures.<\/li>\n<li>Pass\u00e9 simple (irr\u00e9guliers), lettres et g\u00e9rondif.<\/li>\n<li>Pass\u00e9 simple (irr\u00e9guliers), entretien d\u2019embauche, autres p\u00e9riphrases.<\/li>\n<li>Pass\u00e9 simple (irr\u00e9guliers avec \u201cj\u201d), histoire de produits.<\/li>\n<li>Pass\u00e9 simple (irr\u00e9guliers), personnes, professions, pays et CV.<\/li>\n<li>Pass\u00e9 simple (<em>ser<\/em>, <em>ir<\/em>), <em>muy<\/em> et <em>mucho<\/em>, voyages.<\/li>\n<li>Pass\u00e9 simple (<em>tener<\/em>, <em>estar<\/em>), incidents techniques au bureau.<\/li>\n<li>Pass\u00e9 simple (<em>hacer<\/em>, <em>venir<\/em>, <em>querer<\/em>), r\u00e9solution de probl\u00e8mes.<\/li>\n<li>Pass\u00e9 simple (<em>poder<\/em>, <em>saber<\/em>), difficult\u00e9s professionnelles.<\/li>\n<li>R\u00e9capitulation du pass\u00e9 simple (irr\u00e9guliers et <em>dar<\/em>), annonces et histoire de produits.<\/li>\n<li>R\u00e9capitulatif, produits anciens.<\/li>\n<li>R\u00e9capitulatif des temps.<\/li>\n<\/ol>\n","protected":false},"excerpt":{"rendered":"<p>Cours d&rsquo;espagnol de niveau A2:<\/p>\n<ul>\n<li>Vid\u00e9os explicatives et des sessions en direct pour vous accompagner (2 heures).<\/li>\n<li>Ces ressources sont id\u00e9ales pour les <strong>enseignants<\/strong>, les <strong>entreprises<\/strong> ou les <strong>apprenants autonomes<\/strong>.<\/li>\n<li>Vous pouvez aussi m\u2019envoyer vos exercices, et je les corrigerai personnellement.<\/li>\n<\/ul>\n","protected":false},"featured_media":642,"comment_status":"open","ping_status":"closed","template":"","meta":{"_kad_post_transparent":"default","_kad_post_title":"","_kad_post_layout":"default","_kad_post_sidebar_id":"","_kad_post_content_style":"default","_kad_post_vertical_padding":"default","_kad_post_feature":"","_kad_post_feature_position":"","_kad_post_header":false,"_kad_post_footer":false,"_kad_post_classname":""},"product_brand":[],"product_cat":[30],"product_tag":[],"class_list":{"0":"post-647","1":"product","2":"type-product","3":"status-publish","4":"has-post-thumbnail","6":"product_cat-cours","8":"first","9":"instock","10":"downloadable","11":"virtual","12":"purchasable","13":"product-type-simple","14":"entry","15":"content-bg","16":"loop-entry"},"_links":{"self":[{"href":"https:\/\/masquespanol.com\/fr\/wp-json\/wp\/v2\/product\/647","targetHints":{"allow":["GET"]}}],"collection":[{"href":"https:\/\/masquespanol.com\/fr\/wp-json\/wp\/v2\/product"}],"about":[{"href":"https:\/\/masquespanol.com\/fr\/wp-json\/wp\/v2\/types\/product"}],"replies":[{"embeddable":true,"href":"https:\/\/masquespanol.com\/fr\/wp-json\/wp\/v2\/comments?post=647"}],"wp:featuredmedia":[{"embeddable":true,"href":"https:\/\/masquespanol.com\/fr\/wp-json\/wp\/v2\/media\/642"}],"wp:attachment":[{"href":"https:\/\/masquespanol.com\/fr\/wp-json\/wp\/v2\/media?parent=647"}],"wp:term":[{"taxonomy":"product_brand","embeddable":true,"href":"https:\/\/masquespanol.com\/fr\/wp-json\/wp\/v2\/product_brand?post=647"},{"taxonomy":"product_cat","embeddable":true,"href":"https:\/\/masquespanol.com\/fr\/wp-json\/wp\/v2\/product_cat?post=647"},{"taxonomy":"product_tag","embeddable":true,"href":"https:\/\/masquespanol.com\/fr\/wp-json\/wp\/v2\/product_tag?post=647"}],"curies":[{"name":"wp","href":"https:\/\/api.w.org\/{rel}","templated":true}]}}