{"id":646,"date":"2025-07-04T12:26:12","date_gmt":"2025-07-04T10:26:12","guid":{"rendered":"https:\/\/masquespanol.com\/non%20class\u00e9\/espagnol-niveau-b1\/"},"modified":"2025-07-07T09:24:10","modified_gmt":"2025-07-07T07:24:10","slug":"espagnol-niveau-b1","status":"publish","type":"product","link":"https:\/\/masquespanol.com\/fr\/cours\/espagnol-niveau-b1\/","title":{"rendered":"Espagnol Niveau B1"},"content":{"rendered":"<h2>Table des mati\u00e8res du cours d&rsquo;espagnol niveau B1<\/h2>\n<ol>\n<li>R\u00e9capitulatif des temps du pass\u00e9, imparfait, objets anciens.<\/li>\n<li>Imparfait, rappel des cas.<\/li>\n<li>Diff\u00e9rences imparfait\/pass\u00e9 compos\u00e9, voyages.<\/li>\n<li>Diff\u00e9rences pass\u00e9 compos\u00e9\/pass\u00e9 simple, voyages.<\/li>\n<li>Contraste des temps du pass\u00e9, voyages et entreprises.<\/li>\n<li>Imparfait vs pass\u00e9 simple, vie d\u2019entreprise.<\/li>\n<li>Contrastes du pass\u00e9, conventions.<\/li>\n<li>Contrastes du pass\u00e9, r\u00e9unions, formations et conventions.<\/li>\n<li>R\u00e9vision, introduction au subjonctif pr\u00e9sent, logistique en entreprise.<\/li>\n<li>Subjonctif irr\u00e9gulier, cas 1. Logistique.<\/li>\n<li>Subjonctif irr\u00e9gulier, probl\u00e8mes logistiques.<\/li>\n<li>Subjonctif cas 2, sentiments, r\u00e9solution de probl\u00e8mes.<\/li>\n<li>Subjonctif cas 3, vocabulaire d\u2019\u00e9valuation, lettres et propositions.<\/li>\n<li>Suite des \u00e9valuations, lettres et solutions en entreprise.<\/li>\n<li>Subjonctif pr\u00e9sent cas 4, actualit\u00e9, communiqu\u00e9s formels.<\/li>\n<li>Subjonctif de probabilit\u00e9, cas avec l\u2019indicatif, technologie.<\/li>\n<li>Diff\u00e9rences entre indicatif, infinitif et subjonctif. Conflits au travail.<\/li>\n<li>Subjonctif dans les phrases n\u00e9gatives. Projets \u00e9ducatifs.<\/li>\n<li><em>Por qu\u00e9<\/em>, <em>porque<\/em>, <em>para qu\u00e9<\/em>, <em>para que<\/em> + subjonctif. Futur, environnement.<\/li>\n<li>Futur simple et conditionnel. Technologie et communication.<\/li>\n<li>Conditionnel simple. Formation au travail.<\/li>\n<li>Conditionnel simple, formalit\u00e9s. Technologie et cours.<\/li>\n<li>Diff\u00e9rences entre futur et conditionnel. <em>Ser<\/em>, <em>estar<\/em>, pr\u00e9positions. Fournisseurs.<\/li>\n<li>Connecteurs avanc\u00e9s. M\u00e9lange de verbes, situations quotidiennes.<\/li>\n<li>R\u00e9capitulation B1.<\/li>\n<\/ol>\n","protected":false},"excerpt":{"rendered":"<p>Cours d&rsquo;espagnol de niveau B1 :<\/p>\n<ul>\n<li>Vid\u00e9os explicatives et des sessions en direct pour vous accompagner (2 heures).<\/li>\n<li>Ces ressources sont id\u00e9ales pour les <strong>enseignants<\/strong>, les <strong>entreprises<\/strong> ou les <strong>apprenants autonomes<\/strong>.<\/li>\n<li>Vous pouvez aussi m\u2019envoyer vos exercices, et je les corrigerai personnellement.<\/li>\n<\/ul>\n","protected":false},"featured_media":645,"comment_status":"open","ping_status":"closed","template":"","meta":{"_kad_post_transparent":"default","_kad_post_title":"","_kad_post_layout":"default","_kad_post_sidebar_id":"","_kad_post_content_style":"default","_kad_post_vertical_padding":"default","_kad_post_feature":"","_kad_post_feature_position":"","_kad_post_header":false,"_kad_post_footer":false,"_kad_post_classname":""},"product_brand":[],"product_cat":[30],"product_tag":[],"class_list":{"0":"post-646","1":"product","2":"type-product","3":"status-publish","4":"has-post-thumbnail","6":"product_cat-cours","8":"first","9":"instock","10":"downloadable","11":"virtual","12":"purchasable","13":"product-type-simple","14":"entry","15":"content-bg","16":"loop-entry"},"_links":{"self":[{"href":"https:\/\/masquespanol.com\/fr\/wp-json\/wp\/v2\/product\/646","targetHints":{"allow":["GET"]}}],"collection":[{"href":"https:\/\/masquespanol.com\/fr\/wp-json\/wp\/v2\/product"}],"about":[{"href":"https:\/\/masquespanol.com\/fr\/wp-json\/wp\/v2\/types\/product"}],"replies":[{"embeddable":true,"href":"https:\/\/masquespanol.com\/fr\/wp-json\/wp\/v2\/comments?post=646"}],"wp:featuredmedia":[{"embeddable":true,"href":"https:\/\/masquespanol.com\/fr\/wp-json\/wp\/v2\/media\/645"}],"wp:attachment":[{"href":"https:\/\/masquespanol.com\/fr\/wp-json\/wp\/v2\/media?parent=646"}],"wp:term":[{"taxonomy":"product_brand","embeddable":true,"href":"https:\/\/masquespanol.com\/fr\/wp-json\/wp\/v2\/product_brand?post=646"},{"taxonomy":"product_cat","embeddable":true,"href":"https:\/\/masquespanol.com\/fr\/wp-json\/wp\/v2\/product_cat?post=646"},{"taxonomy":"product_tag","embeddable":true,"href":"https:\/\/masquespanol.com\/fr\/wp-json\/wp\/v2\/product_tag?post=646"}],"curies":[{"name":"wp","href":"https:\/\/api.w.org\/{rel}","templated":true}]}}